{"id":59,"date":"2021-02-13T10:40:40","date_gmt":"2021-02-13T10:40:40","guid":{"rendered":"http:\/\/www.mikakortelainen.com\/m\/?page_id=59"},"modified":"2025-03-23T21:46:00","modified_gmt":"2025-03-23T19:46:00","slug":"tietoja","status":"publish","type":"page","link":"https:\/\/www.mikakortelainen.com\/m\/tietoja\/","title":{"rendered":"Taustaa"},"content":{"rendered":"\t\t<div data-elementor-type=\"wp-page\" data-elementor-id=\"59\" class=\"elementor elementor-59\">\n\t\t\t\t\t\t<section class=\"elementor-section elementor-top-section elementor-element elementor-element-4ed0ffa elementor-section-boxed elementor-section-height-default elementor-section-height-default\" data-id=\"4ed0ffa\" data-element_type=\"section\" data-e-type=\"section\">\n\t\t\t\t\t\t<div class=\"elementor-container elementor-column-gap-default\">\n\t\t\t\t\t<div class=\"elementor-column elementor-col-100 elementor-top-column elementor-element elementor-element-e8bed03\" data-id=\"e8bed03\" data-element_type=\"column\" data-e-type=\"column\">\n\t\t\t<div class=\"elementor-widget-wrap elementor-element-populated\">\n\t\t\t\t\t\t<div class=\"elementor-element elementor-element-3b1179a elementor-widget elementor-widget-image\" data-id=\"3b1179a\" data-element_type=\"widget\" data-e-type=\"widget\" data-widget_type=\"image.default\">\n\t\t\t\t<div class=\"elementor-widget-container\">\n\t\t\t\t\t\t\t\t\t\t\t\t\t\t\t<img fetchpriority=\"high\" decoding=\"async\" width=\"644\" height=\"175\" src=\"https:\/\/www.mikakortelainen.com\/m\/wp-content\/uploads\/2025\/02\/oikealla_asialla_verkkoon-VAAKA-1024x279.png\" class=\"attachment-large size-large wp-image-886\" alt=\"\" srcset=\"https:\/\/www.mikakortelainen.com\/m\/wp-content\/uploads\/2025\/02\/oikealla_asialla_verkkoon-VAAKA-1024x279.png 1024w, https:\/\/www.mikakortelainen.com\/m\/wp-content\/uploads\/2025\/02\/oikealla_asialla_verkkoon-VAAKA-300x82.png 300w, https:\/\/www.mikakortelainen.com\/m\/wp-content\/uploads\/2025\/02\/oikealla_asialla_verkkoon-VAAKA-768x209.png 768w, https:\/\/www.mikakortelainen.com\/m\/wp-content\/uploads\/2025\/02\/oikealla_asialla_verkkoon-VAAKA-1536x419.png 1536w, https:\/\/www.mikakortelainen.com\/m\/wp-content\/uploads\/2025\/02\/oikealla_asialla_verkkoon-VAAKA-2048x558.png 2048w\" sizes=\"100vw\" \/>\t\t\t\t\t\t\t\t\t\t\t\t\t\t\t<\/div>\n\t\t\t\t<\/div>\n\t\t\t\t\t<\/div>\n\t\t<\/div>\n\t\t\t\t\t<\/div>\n\t\t<\/section>\n\t\t\t\t<section class=\"elementor-section elementor-top-section elementor-element elementor-element-7673cb37 elementor-section-boxed elementor-section-height-default elementor-section-height-default\" data-id=\"7673cb37\" data-element_type=\"section\" data-e-type=\"section\">\n\t\t\t\t\t\t<div class=\"elementor-container elementor-column-gap-default\">\n\t\t\t\t\t<div class=\"elementor-column elementor-col-100 elementor-top-column elementor-element elementor-element-47f73af3\" data-id=\"47f73af3\" data-element_type=\"column\" data-e-type=\"column\">\n\t\t\t<div class=\"elementor-widget-wrap elementor-element-populated\">\n\t\t\t\t\t\t<div class=\"elementor-element elementor-element-3b7635ba elementor-widget elementor-widget-text-editor\" data-id=\"3b7635ba\" data-element_type=\"widget\" data-e-type=\"widget\" data-widget_type=\"text-editor.default\">\n\t\t\t\t<div class=\"elementor-widget-container\">\n\t\t\t\t\t\t\t\t\t<h4><b>Tervehdys,\u00a0<\/b><\/h4><p>Nyt tulee nelj\u00e4nnet kuntavaalit, joissa olen ehdokkaana. Ensimm\u00e4isen kerran olin ehdokkaana kuntavaaleissa syksyll\u00e4 2012. Ensimm\u00e4isell\u00e4 vaaltuustokaudella 2012 &#8211; 2017 olin vapaa-ajan lautakunnan j\u00e4sen ja Varsinais-Suomen sairaanhoitopiirin valtuuston j\u00e4sen sek\u00e4 Salon kaupunginvaltuuston varavaltuutettu. Toisella valtuustokaudella 2017 &#8211; 2021 olin vapaa-ajan lautakunnan 1. varapuheenjohtaja ja Salon kaupunginvaltuuston varavaltuutettu. Nykyisell\u00e4 valtuustokaudella 2021 &#8211; 2025 olen ollut Salon seudun koulutuskuntayhtym\u00e4n hallituksen j\u00e4sen sek\u00e4 opetuslautakunnan varaj\u00e4sen.<\/p><p>Kiinnostus l\u00e4hte\u00e4 mukaan yhteisten asioiden hoitamiseen on aikanaan her\u00e4nnyt toimiessani ylempien toimihenkil\u00f6iden luottamusmiehen\u00e4 p\u00e4iv\u00e4ty\u00f6ni ohella vuodesta 2008 Nokialla, ja liiketoimintasiirron j\u00e4lkeen Microsoft Mobilessa kes\u00e4\u00e4n 2017 asti Salon toimintojen loppuun asti.<\/p><p>Viimeiset noin viisi ja puoli vuotta olen ty\u00f6skennellyt opettajana ammattiopistossa. Ty\u00f6ni on aina kulkenut s\u00e4hk\u00f6isi\u00e4 polkuja pitkin, toisin sanoen ty\u00f6ni on jotenkin liittynyt s\u00e4hk\u00f6\u00f6n ja automaatioon, sek\u00e4 yhteisty\u00f6h\u00f6n erilaisten ihmisten parissa.<\/p><p>Vapaa-ajalla viihdyn luonnossa ja haluan, ett\u00e4 meill\u00e4 jokaisella on mahdollisuus nauttia el\u00e4m\u00e4st\u00e4 puhtaan ymp\u00e4rist\u00f6n keskell\u00e4 tulevaisuudessakin. Ymp\u00e4rist\u00f6teot saattavat olla pieni\u00e4 ja joskus suurempia valintoja meid\u00e4n jokaisen arjessa.<\/p><p>Olen asunut nykyisen Salon alueella yli nelj\u00e4nnesvuosisadan eli l\u00e4hes puolet el\u00e4m\u00e4st\u00e4ni, ja suurimman osan aikaa Halikossa. Muutimme yli kymmenen vuotta sitten Halikon Putolasta maaseudun rauhaan Kumion kyl\u00e4\u00e4n Vaskion &#8221;taakse&#8221;.<\/p><p>Salon valtuusto tarvitsee laaja-alaista tietoa ja n\u00e4kemyst\u00e4 p\u00e4\u00e4t\u00f6ksentekoon. Ei ole ollenkaan samantekev\u00e4\u00e4 kuka kotikaupunkimme asioista p\u00e4\u00e4tt\u00e4\u00e4 &#8211; haluan olla yksi heist\u00e4!\u00a0<\/p><p><i>Terveisin, Mika Kortelainen<br \/><span style=\"color: var( --e-global-color-text ); font-family: var( --e-global-typography-text-font-family ), Sans-serif; font-weight: var( --e-global-typography-text-font-weight ); font-size: 1rem;\">23. helmikuuta 2025, Kumio, Salo<\/span><\/i><\/p>\t\t\t\t\t\t\t\t<\/div>\n\t\t\t\t<\/div>\n\t\t\t\t\t<\/div>\n\t\t<\/div>\n\t\t\t\t\t<\/div>\n\t\t<\/section>\n\t\t\t\t<section class=\"elementor-section elementor-top-section elementor-element elementor-element-03d3017 elementor-section-boxed elementor-section-height-default elementor-section-height-default\" data-id=\"03d3017\" data-element_type=\"section\" data-e-type=\"section\">\n\t\t\t\t\t\t<div class=\"elementor-container elementor-column-gap-default\">\n\t\t\t\t\t<div class=\"elementor-column elementor-col-100 elementor-top-column elementor-element elementor-element-1bb0460\" data-id=\"1bb0460\" data-element_type=\"column\" data-e-type=\"column\">\n\t\t\t<div class=\"elementor-widget-wrap elementor-element-populated\">\n\t\t\t\t\t\t<div class=\"elementor-element elementor-element-2091dc3 elementor-widget elementor-widget-image\" data-id=\"2091dc3\" data-element_type=\"widget\" data-e-type=\"widget\" data-widget_type=\"image.default\">\n\t\t\t\t<div class=\"elementor-widget-container\">\n\t\t\t\t\t\t\t\t\t\t\t\t\t\t\t<img decoding=\"async\" width=\"644\" height=\"644\" src=\"https:\/\/www.mikakortelainen.com\/m\/wp-content\/uploads\/2025\/03\/52-1024x1024.jpg\" class=\"attachment-large size-large wp-image-980\" alt=\"\" srcset=\"https:\/\/www.mikakortelainen.com\/m\/wp-content\/uploads\/2025\/03\/52-1024x1024.jpg 1024w, https:\/\/www.mikakortelainen.com\/m\/wp-content\/uploads\/2025\/03\/52-300x300.jpg 300w, https:\/\/www.mikakortelainen.com\/m\/wp-content\/uploads\/2025\/03\/52-150x150.jpg 150w, https:\/\/www.mikakortelainen.com\/m\/wp-content\/uploads\/2025\/03\/52-768x768.jpg 768w, https:\/\/www.mikakortelainen.com\/m\/wp-content\/uploads\/2025\/03\/52-100x100.jpg 100w, https:\/\/www.mikakortelainen.com\/m\/wp-content\/uploads\/2025\/03\/52.jpg 1080w\" sizes=\"100vw\" \/>\t\t\t\t\t\t\t\t\t\t\t\t\t\t\t<\/div>\n\t\t\t\t<\/div>\n\t\t\t\t\t<\/div>\n\t\t<\/div>\n\t\t\t\t\t<\/div>\n\t\t<\/section>\n\t\t\t\t<\/div>\n\t\t","protected":false},"excerpt":{"rendered":"<p>Tervehdys,\u00a0 Nyt tulee nelj\u00e4nnet kuntavaalit, joissa olen ehdokkaana. Ensimm\u00e4isen kerran olin ehdokkaana kuntavaaleissa syksyll\u00e4 2012. Ensimm\u00e4isell\u00e4 vaaltuustokaudella 2012 &#8211; 2017 olin vapaa-ajan lautakunnan j\u00e4sen ja Varsinais-Suomen sairaanhoitopiirin valtuuston j\u00e4sen sek\u00e4 Salon kaupunginvaltuuston varavaltuutettu. Toisella valtuustokaudella 2017 &#8211; 2021 olin vapaa-ajan lautakunnan 1. varapuheenjohtaja ja Salon kaupunginvaltuuston varavaltuutettu. Nykyisell\u00e4 valtuustokaudella 2021 &#8211; 2025 olen ollut Salon &hellip; <\/p>\n<p class=\"link-more\"><a href=\"https:\/\/www.mikakortelainen.com\/m\/tietoja\/\" class=\"more-link\">Jatka lukemista<span class=\"screen-reader-text\"> &#8221;Taustaa&#8221;<\/span><\/a><\/p>\n","protected":false},"author":1,"featured_media":130,"parent":0,"menu_order":0,"comment_status":"closed","ping_status":"closed","template":"","meta":{"footnotes":""},"class_list":["post-59","page","type-page","status-publish","has-post-thumbnail","hentry"],"jetpack_sharing_enabled":true,"_links":{"self":[{"href":"https:\/\/www.mikakortelainen.com\/m\/wp-json\/wp\/v2\/pages\/59","targetHints":{"allow":["GET"]}}],"collection":[{"href":"https:\/\/www.mikakortelainen.com\/m\/wp-json\/wp\/v2\/pages"}],"about":[{"href":"https:\/\/www.mikakortelainen.com\/m\/wp-json\/wp\/v2\/types\/page"}],"author":[{"embeddable":true,"href":"https:\/\/www.mikakortelainen.com\/m\/wp-json\/wp\/v2\/users\/1"}],"replies":[{"embeddable":true,"href":"https:\/\/www.mikakortelainen.com\/m\/wp-json\/wp\/v2\/comments?post=59"}],"version-history":[{"count":59,"href":"https:\/\/www.mikakortelainen.com\/m\/wp-json\/wp\/v2\/pages\/59\/revisions"}],"predecessor-version":[{"id":992,"href":"https:\/\/www.mikakortelainen.com\/m\/wp-json\/wp\/v2\/pages\/59\/revisions\/992"}],"wp:featuredmedia":[{"embeddable":true,"href":"https:\/\/www.mikakortelainen.com\/m\/wp-json\/wp\/v2\/media\/130"}],"wp:attachment":[{"href":"https:\/\/www.mikakortelainen.com\/m\/wp-json\/wp\/v2\/media?parent=59"}],"curies":[{"name":"wp","href":"https:\/\/api.w.org\/{rel}","templated":true}]}}