{"id":58,"date":"2021-02-13T10:40:40","date_gmt":"2021-02-13T10:40:40","guid":{"rendered":"http:\/\/www.mikakortelainen.com\/m\/?page_id=58"},"modified":"2025-10-16T19:38:58","modified_gmt":"2025-10-16T16:38:58","slug":"etusivu","status":"publish","type":"page","link":"https:\/\/www.mikakortelainen.com\/m\/","title":{"rendered":"MIKA KORTELAINEN"},"content":{"rendered":"\t\t<div data-elementor-type=\"wp-page\" data-elementor-id=\"58\" class=\"elementor elementor-58\">\n\t\t\t\t\t\t<section class=\"elementor-section elementor-top-section elementor-element elementor-element-22632e40 elementor-section-boxed elementor-section-height-default elementor-section-height-default\" data-id=\"22632e40\" data-element_type=\"section\" data-e-type=\"section\">\n\t\t\t\t\t\t<div class=\"elementor-container elementor-column-gap-default\">\n\t\t\t\t\t<div class=\"elementor-column elementor-col-100 elementor-top-column elementor-element elementor-element-4be73915\" data-id=\"4be73915\" data-element_type=\"column\" data-e-type=\"column\">\n\t\t\t<div class=\"elementor-widget-wrap elementor-element-populated\">\n\t\t\t\t\t\t<div class=\"elementor-element elementor-element-a27232b elementor-widget elementor-widget-text-editor\" data-id=\"a27232b\" data-element_type=\"widget\" data-e-type=\"widget\" data-widget_type=\"text-editor.default\">\n\t\t\t\t<div class=\"elementor-widget-container\">\n\t\t\t\t\t\t\t\t\t<p><strong>58-vuotias insin\u00f6\u00f6ri, AmO (ammatillinen opettaja)<\/strong><\/p>\n<p><a href=\"https:\/\/salo.fi\/kaupunki-ja-paatoksenteko\/paatoksenteko\/lautakunnat\/opetuslautakunta\/\" target=\"_blank\" rel=\"noopener\">Salon kaupungin opetuslautakunnan j\u00e4sen<\/a>,&nbsp;<br><a href=\"http:\/\/www.smartsalo.com\/\" target=\"_blank\" rel=\"noopener\">Smartsalo ry:n puheenjohtaja<\/a><\/p>\n<p><b>Salon elinvoimaisuuden puolesta &#8211; vastuullisesti!&nbsp;<\/b><br><strong><br>Hymyill\u00e4\u00e4n kun tavataan!&nbsp;<br><em>Terveisin, Mika Kortelainen&nbsp;<\/em><\/strong><\/p>\n<p><!-- \/wp:paragraph --><\/p>\n<p><!-- wp:paragraph {\"align\":\"center\"} --><\/p>\n<p><!-- \/wp:paragraph --><\/p>\n<p><!-- wp:paragraph {\"align\":\"center\"} --><\/p>\n<p><!-- \/wp:paragraph --><\/p>\t\t\t\t\t\t\t\t<\/div>\n\t\t\t\t<\/div>\n\t\t\t\t\t<\/div>\n\t\t<\/div>\n\t\t\t\t\t<\/div>\n\t\t<\/section>\n\t\t\t\t<section class=\"elementor-section elementor-top-section elementor-element elementor-element-19fd3ce elementor-section-boxed elementor-section-height-default elementor-section-height-default\" data-id=\"19fd3ce\" data-element_type=\"section\" data-e-type=\"section\">\n\t\t\t\t\t\t<div class=\"elementor-container elementor-column-gap-default\">\n\t\t\t\t\t<div class=\"elementor-column elementor-col-100 elementor-top-column elementor-element elementor-element-d546e0c\" data-id=\"d546e0c\" data-element_type=\"column\" data-e-type=\"column\">\n\t\t\t<div class=\"elementor-widget-wrap elementor-element-populated\">\n\t\t\t\t\t\t<div class=\"elementor-element elementor-element-224c67d elementor-widget elementor-widget-image\" data-id=\"224c67d\" data-element_type=\"widget\" data-e-type=\"widget\" data-widget_type=\"image.default\">\n\t\t\t\t<div class=\"elementor-widget-container\">\n\t\t\t\t\t\t\t\t\t\t\t\t\t\t\t<img decoding=\"async\" width=\"177\" height=\"128\" src=\"https:\/\/www.mikakortelainen.com\/m\/wp-content\/uploads\/2021\/02\/kokoomus_ruiskukka_rgb-177x128-1.jpg\" class=\"attachment-large size-large wp-image-92\" alt=\"\" sizes=\"100vw\" \/>\t\t\t\t\t\t\t\t\t\t\t\t\t\t\t<\/div>\n\t\t\t\t<\/div>\n\t\t\t\t<div class=\"elementor-element elementor-element-e817d62 elementor-widget elementor-widget-heading\" data-id=\"e817d62\" data-element_type=\"widget\" data-e-type=\"widget\" data-widget_type=\"heading.default\">\n\t\t\t\t<div class=\"elementor-widget-container\">\n\t\t\t\t\t<h3 class=\"elementor-heading-title elementor-size-default\">KOKOOMUS<\/h3>\t\t\t\t<\/div>\n\t\t\t\t<\/div>\n\t\t\t\t\t<\/div>\n\t\t<\/div>\n\t\t\t\t\t<\/div>\n\t\t<\/section>\n\t\t\t\t<\/div>\n\t\t","protected":false},"excerpt":{"rendered":"<p>58-vuotias insin\u00f6\u00f6ri, AmO (ammatillinen opettaja) Salon kaupungin opetuslautakunnan j\u00e4sen,&nbsp;Smartsalo ry:n puheenjohtaja Salon elinvoimaisuuden puolesta &#8211; vastuullisesti!&nbsp;Hymyill\u00e4\u00e4n kun tavataan!&nbsp;Terveisin, Mika Kortelainen&nbsp; KOKOOMUS<\/p>\n","protected":false},"author":1,"featured_media":948,"parent":0,"menu_order":0,"comment_status":"closed","ping_status":"closed","template":"","meta":{"footnotes":""},"class_list":["post-58","page","type-page","status-publish","has-post-thumbnail","hentry"],"jetpack_sharing_enabled":true,"_links":{"self":[{"href":"https:\/\/www.mikakortelainen.com\/m\/wp-json\/wp\/v2\/pages\/58","targetHints":{"allow":["GET"]}}],"collection":[{"href":"https:\/\/www.mikakortelainen.com\/m\/wp-json\/wp\/v2\/pages"}],"about":[{"href":"https:\/\/www.mikakortelainen.com\/m\/wp-json\/wp\/v2\/types\/page"}],"author":[{"embeddable":true,"href":"https:\/\/www.mikakortelainen.com\/m\/wp-json\/wp\/v2\/users\/1"}],"replies":[{"embeddable":true,"href":"https:\/\/www.mikakortelainen.com\/m\/wp-json\/wp\/v2\/comments?post=58"}],"version-history":[{"count":112,"href":"https:\/\/www.mikakortelainen.com\/m\/wp-json\/wp\/v2\/pages\/58\/revisions"}],"predecessor-version":[{"id":1017,"href":"https:\/\/www.mikakortelainen.com\/m\/wp-json\/wp\/v2\/pages\/58\/revisions\/1017"}],"wp:featuredmedia":[{"embeddable":true,"href":"https:\/\/www.mikakortelainen.com\/m\/wp-json\/wp\/v2\/media\/948"}],"wp:attachment":[{"href":"https:\/\/www.mikakortelainen.com\/m\/wp-json\/wp\/v2\/media?parent=58"}],"curies":[{"name":"wp","href":"https:\/\/api.w.org\/{rel}","templated":true}]}}