{"id":151,"date":"2021-02-13T14:27:54","date_gmt":"2021-02-13T14:27:54","guid":{"rendered":"http:\/\/www.mikakortelainen.com\/m\/?page_id=151"},"modified":"2025-03-23T21:14:51","modified_gmt":"2025-03-23T19:14:51","slug":"henkilotiedot-cv","status":"publish","type":"page","link":"https:\/\/www.mikakortelainen.com\/m\/henkilotiedot-cv\/","title":{"rendered":"Henkil\u00f6tiedot &#8211; CV"},"content":{"rendered":"\t\t<div data-elementor-type=\"wp-page\" data-elementor-id=\"151\" class=\"elementor elementor-151\">\n\t\t\t\t\t\t<section class=\"elementor-section elementor-top-section elementor-element elementor-element-2480726a elementor-section-boxed elementor-section-height-default elementor-section-height-default\" data-id=\"2480726a\" data-element_type=\"section\" data-e-type=\"section\">\n\t\t\t\t\t\t<div class=\"elementor-container elementor-column-gap-default\">\n\t\t\t\t\t<div class=\"elementor-column elementor-col-100 elementor-top-column elementor-element elementor-element-4fa0b008\" data-id=\"4fa0b008\" data-element_type=\"column\" data-e-type=\"column\">\n\t\t\t<div class=\"elementor-widget-wrap elementor-element-populated\">\n\t\t\t\t\t\t<div class=\"elementor-element elementor-element-95e5ff2 elementor-widget elementor-widget-image\" data-id=\"95e5ff2\" data-element_type=\"widget\" data-e-type=\"widget\" data-widget_type=\"image.default\">\n\t\t\t\t<div class=\"elementor-widget-container\">\n\t\t\t\t\t\t\t\t\t\t\t\t\t\t\t<img fetchpriority=\"high\" decoding=\"async\" width=\"300\" height=\"211\" src=\"https:\/\/www.mikakortelainen.com\/m\/wp-content\/uploads\/2025\/03\/MIkaKortelainen_web-m4-300x211.jpg\" class=\"attachment-medium size-medium wp-image-946\" alt=\"\" srcset=\"https:\/\/www.mikakortelainen.com\/m\/wp-content\/uploads\/2025\/03\/MIkaKortelainen_web-m4-300x211.jpg 300w, https:\/\/www.mikakortelainen.com\/m\/wp-content\/uploads\/2025\/03\/MIkaKortelainen_web-m4-1024x721.jpg 1024w, https:\/\/www.mikakortelainen.com\/m\/wp-content\/uploads\/2025\/03\/MIkaKortelainen_web-m4-768x541.jpg 768w, https:\/\/www.mikakortelainen.com\/m\/wp-content\/uploads\/2025\/03\/MIkaKortelainen_web-m4-1536x1081.jpg 1536w, https:\/\/www.mikakortelainen.com\/m\/wp-content\/uploads\/2025\/03\/MIkaKortelainen_web-m4.jpg 1554w\" sizes=\"100vw\" \/>\t\t\t\t\t\t\t\t\t\t\t\t\t\t\t<\/div>\n\t\t\t\t<\/div>\n\t\t\t\t<div class=\"elementor-element elementor-element-aacf9a elementor-widget elementor-widget-text-editor\" data-id=\"aacf9a\" data-element_type=\"widget\" data-e-type=\"widget\" data-widget_type=\"text-editor.default\">\n\t\t\t\t<div class=\"elementor-widget-container\">\n\t\t\t\t\t\t\t\t\t<p><\/p>\n<p><span style=\"color: var( --e-global-color-text ); font-family: var( --e-global-typography-text-font-family ), Sans-serif; font-size: 1rem; font-style: var( --e-global-typography-text-font-style ); font-weight: var( --e-global-typography-text-font-weight );\">\n<table id=\"tablepress-1\" class=\"tablepress tablepress-id-1\">\n<tbody class=\"row-striping row-hover\">\n<tr class=\"row-1\">\n\t<td class=\"column-1\">Nimi<\/td><td class=\"column-2\">Mika Kortelainen<\/td>\n<\/tr>\n<tr class=\"row-2\">\n\t<td class=\"column-1\">syntynyt<\/td><td class=\"column-2\">1967, Loimaan kunta<\/td>\n<\/tr>\n<tr class=\"row-3\">\n\t<td class=\"column-1\">siviilis\u00e4\u00e4ty<\/td><td class=\"column-2\">kihloissa<\/td>\n<\/tr>\n<tr class=\"row-4\">\n\t<td class=\"column-1\">lapset<\/td><td class=\"column-2\">kolme poikaa ja yksi lastenlapsi,  avopuolisolla kaksi tyt\u00e4rt\u00e4 ja viisi lastenlasta<\/td>\n<\/tr>\n<tr class=\"row-5\">\n\t<td class=\"column-1\">asuinpaikka<\/td><td class=\"column-2\">Kumio, Vaskio, Halikko, Salo<\/td>\n<\/tr>\n<tr class=\"row-6\">\n\t<td class=\"column-1\">uskonto<\/td><td class=\"column-2\">kristitty, evankelisluterilaisen seurakunnan j\u00e4sen<\/td>\n<\/tr>\n<tr class=\"row-7\">\n\t<td class=\"column-1\">sotilasarvo<\/td><td class=\"column-2\">reservin kersantti, viesti aliupseeri<\/td>\n<\/tr>\n<\/tbody>\n<\/table>\n<!-- #tablepress-1 from cache --><\/span><\/p>\n<h4>Koulutus<\/h4>\n<p>\n<table id=\"tablepress-5\" class=\"tablepress tablepress-id-5\">\n<tbody class=\"row-striping row-hover\">\n<tr class=\"row-1\">\n\t<td class=\"column-1\">2020 &#8211; 2021<\/td><td class=\"column-2\">AmO (ammatillinen opettaja), pedagogiset opinnot, Haaga-Helia ammattikorkeakoulu, Ammatillinen opettajakorkeakoulu<\/td>\n<\/tr>\n<tr class=\"row-2\">\n\t<td class=\"column-1\">1989 &#8211; 1993<\/td><td class=\"column-2\">Automaatioinsin\u00f6\u00f6ri, Helsingin teknillinen oppilaitos<\/td>\n<\/tr>\n<tr class=\"row-3\">\n\t<td class=\"column-1\">1985 &#8211; 1987<\/td><td class=\"column-2\">Koneenasentaja, oppisopimuskoulutus<\/td>\n<\/tr>\n<tr class=\"row-4\">\n\t<td class=\"column-1\">1983 &#8211; 1985<\/td><td class=\"column-2\">S\u00e4hk\u00f6asentaja, Loimaan ammattikoulu<\/td>\n<\/tr>\n<\/tbody>\n<\/table>\n<!-- #tablepress-5 from cache --><\/p>\n<h4>Luottamusteht\u00e4v\u00e4t<\/h4>\n<p>\n<table id=\"tablepress-3\" class=\"tablepress tablepress-id-3\">\n<tbody class=\"row-striping row-hover\">\n<tr class=\"row-1\">\n\t<td class=\"column-1\">2025 &#8211;<\/td><td class=\"column-2\">Salon kaupungin opetuslautakunnan j\u00e4sen<\/td>\n<\/tr>\n<tr class=\"row-2\">\n\t<td class=\"column-1\">2025 &#8211;<\/td><td class=\"column-2\">Harrastekerhot Salo ry:n hallituksen j\u00e4sen<\/td>\n<\/tr>\n<tr class=\"row-3\">\n\t<td class=\"column-1\">2024 &#8211; 2025<\/td><td class=\"column-2\">Salon seudun koulutuskuntayhtym\u00e4n hallituksen j\u00e4sen<\/td>\n<\/tr>\n<tr class=\"row-4\">\n\t<td class=\"column-1\">2021 &#8211; 2025<\/td><td class=\"column-2\">Salon kaupungin opetuslautakunnan varaj\u00e4sen<\/td>\n<\/tr>\n<tr class=\"row-5\">\n\t<td class=\"column-1\">2017 &#8211;<\/td><td class=\"column-2\">Smartsalo ry:n puheenjohtaja<\/td>\n<\/tr>\n<tr class=\"row-6\">\n\t<td class=\"column-1\">2021 &#8211; 2023<\/td><td class=\"column-2\">Salon seudun koulutuskuntayhtym\u00e4n hallituksen j\u00e4sen<\/td>\n<\/tr>\n<tr class=\"row-7\">\n\t<td class=\"column-1\">2020 &#8211; 2024<\/td><td class=\"column-2\">Harrastekerhot Salo ry:n hallituksen varaj\u00e4sen<\/td>\n<\/tr>\n<tr class=\"row-8\">\n\t<td class=\"column-1\">2018 &#8211; 2023<\/td><td class=\"column-2\">Salon Rotaryklubin hallituksen j\u00e4sen<\/td>\n<\/tr>\n<tr class=\"row-9\">\n\t<td class=\"column-1\">2022<\/td><td class=\"column-2\">Kokoomuksen Salon Kunnallisj\u00e4rjest\u00f6 ry:n varapuheenjohtaja<\/td>\n<\/tr>\n<tr class=\"row-10\">\n\t<td class=\"column-1\">2019 &#8211;  2021<\/td><td class=\"column-2\">Kokoomuksen Salon Kunnallisj\u00e4rjest\u00f6 ry:n puheenjohtaja<\/td>\n<\/tr>\n<tr class=\"row-11\">\n\t<td class=\"column-1\">2018 &#8211; 2022<\/td><td class=\"column-2\">Kokoomuksen puoluevaltuuston j\u00e4sen<\/td>\n<\/tr>\n<tr class=\"row-12\">\n\t<td class=\"column-1\">2017 &#8211; 2021<\/td><td class=\"column-2\">Salon kaupungin vapaa-ajan lautakunnan 1. varapuheenjohtaja<\/td>\n<\/tr>\n<tr class=\"row-13\">\n\t<td class=\"column-1\">2017 &#8211; 2021<\/td><td class=\"column-2\">Varsinais-Suomen sairaanhoitopiirin kuntayhtym\u00e4n valtuuston varaj\u00e4sen<\/td>\n<\/tr>\n<tr class=\"row-14\">\n\t<td class=\"column-1\">2016 syyskuu &#8211; 2018<\/td><td class=\"column-2\">Kokoomuksen Salon Kunnallisj\u00e4rjest\u00f6 ry:n varapuheenjohtaja<\/td>\n<\/tr>\n<tr class=\"row-15\">\n\t<td class=\"column-1\">2017 &#8211; 2019<\/td><td class=\"column-2\">Harrastekerhot Salo ry:n hallituksen j\u00e4sen<\/td>\n<\/tr>\n<tr class=\"row-16\">\n\t<td class=\"column-1\">2016<\/td><td class=\"column-2\">Smartsalo ry:n hallituksen varaj\u00e4sen<\/td>\n<\/tr>\n<tr class=\"row-17\">\n\t<td class=\"column-1\">2016<\/td><td class=\"column-2\">Harrastekerhot Salo ry:n puheenjohtaja<\/td>\n<\/tr>\n<tr class=\"row-18\">\n\t<td class=\"column-1\">2014 &#8211; 2022<\/td><td class=\"column-2\">Kokoomuksen Salon Kunnallisj\u00e4rjest\u00f6 ry:n hallituksen j\u00e4sen<\/td>\n<\/tr>\n<tr class=\"row-19\">\n\t<td class=\"column-1\">2013 &#8211; 2021<\/td><td class=\"column-2\">Salon kaupunginvaltuuston varavaltuutettu<\/td>\n<\/tr>\n<tr class=\"row-20\">\n\t<td class=\"column-1\">2013 &#8211; 2017<\/td><td class=\"column-2\">Salon kaupungin vapaa-ajan lautakunnan j\u00e4sen<\/td>\n<\/tr>\n<tr class=\"row-21\">\n\t<td class=\"column-1\">2013 &#8211; 2017<\/td><td class=\"column-2\">Varsinais-Suomen sairaanhoitopiirin kuntayhtym\u00e4n valtuuston j\u00e4sen<\/td>\n<\/tr>\n<tr class=\"row-22\">\n\t<td class=\"column-1\">2013 &#8211;<\/td><td class=\"column-2\">Salo-Uskelan Kokoomus ry:n hallituksen j\u00e4sen<\/td>\n<\/tr>\n<tr class=\"row-23\">\n\t<td class=\"column-1\">2013 &#8211; 2017<\/td><td class=\"column-2\">Salo-Uskelan Kokoomus ry:n sihteeri<\/td>\n<\/tr>\n<tr class=\"row-24\">\n\t<td class=\"column-1\">2012 &#8211; 2018  <\/td><td class=\"column-2\">Insin\u00f6\u00f6riliitto ry:n TES-valtuuskunnan varaj\u00e4sen<\/td>\n<\/tr>\n<tr class=\"row-25\">\n\t<td class=\"column-1\">2008 &#8211; 2017<\/td><td class=\"column-2\">Nokia Oyj \/ Microsoft Mobile Oy, Salo, ylempien toimihenkil\u00f6iden luottamusmies<\/td>\n<\/tr>\n<tr class=\"row-26\">\n\t<td class=\"column-1\">2014 &#8211; 2016<\/td><td class=\"column-2\">YTN Teknologiateollisuuden taustaryhm\u00e4n j\u00e4sen<\/td>\n<\/tr>\n<tr class=\"row-27\">\n\t<td class=\"column-1\">2014 &#8211; 2016 <\/td><td class=\"column-2\">Microsoftin Salon Ylemm\u00e4t Toimihenkil\u00f6t MSY ry:n varapuheenjohtaja<\/td>\n<\/tr>\n<tr class=\"row-28\">\n\t<td class=\"column-1\">2014 &#8211; 2015<\/td><td class=\"column-2\">Salon Seuratanssi Klubi ry:n varapuheenjohtaja<\/td>\n<\/tr>\n<tr class=\"row-29\">\n\t<td class=\"column-1\">2013 &#8211; 2014<\/td><td class=\"column-2\">Kokoomuksen Salon Kunnallisj\u00e4rjest\u00f6 ry:n hallituksen varaj\u00e4sen<\/td>\n<\/tr>\n<tr class=\"row-30\">\n\t<td class=\"column-1\">2012 &#8211; 2013 <\/td><td class=\"column-2\">YTN Teknologiateollisuuden taustaryhm\u00e4n varaj\u00e4sen<\/td>\n<\/tr>\n<tr class=\"row-31\">\n\t<td class=\"column-1\">2010 &#8211; 2015<\/td><td class=\"column-2\">Salon Rakennemuutosprojektity\u00f6ryhm\u00e4, Nokian\/Microsoftin henkil\u00f6st\u00f6n edustaja<\/td>\n<\/tr>\n<tr class=\"row-32\">\n\t<td class=\"column-1\">2009 &#8211; 2014 <\/td><td class=\"column-2\">Nokian Salon Ylemm\u00e4t Toimihenkil\u00f6t NSY ry:n puheenjohtaja<\/td>\n<\/tr>\n<tr class=\"row-33\">\n\t<td class=\"column-1\">2008 &#8211; 2016<\/td><td class=\"column-2\">Nokian Salon Ylemm\u00e4t Toimihenkil\u00f6t NSY ry:n hallituksen j\u00e4sen<\/td>\n<\/tr>\n<tr class=\"row-34\">\n\t<td class=\"column-1\">2008 &#8211; 2013<\/td><td class=\"column-2\">Salon Seuratanssi Klubi ry:n puheenjohtaja<\/td>\n<\/tr>\n<\/tbody>\n<\/table>\n<!-- #tablepress-3 from cache --><\/p>\n<h4><span style=\"font-weight: bold;\">Ty\u00f6historia<\/span><span style=\"font-weight: bold; color: var( --e-global-color-text ); font-family: var( --e-global-typography-text-font-family ), Sans-serif; font-style: var( --e-global-typography-text-font-style ); font-size: 1rem;\"><br><\/span><\/h4>\n<p>\n<table id=\"tablepress-2\" class=\"tablepress tablepress-id-2\">\n<tbody class=\"row-striping row-hover\">\n<tr class=\"row-1\">\n\t<td class=\"column-1\">08\/2021- <\/td><td class=\"column-2\">Opettaja, Lounais-Suomen koulutuskuntayhtym\u00e4, Novida ammattiopisto, Lieto<\/td>\n<\/tr>\n<tr class=\"row-2\">\n\t<td class=\"column-1\">01\/2021 &#8211; 07\/2021<\/td><td class=\"column-2\">Opettaja, Salon seudun koulutuskuntayhtym\u00e4, Salon ammattiopisto<\/td>\n<\/tr>\n<tr class=\"row-3\">\n\t<td class=\"column-1\">10\/2019 &#8211; 01\/2021<\/td><td class=\"column-2\">Opettaja, Lounais-Suomen koulutuskuntayhtym\u00e4, Novida ammattiopisto, Uusikaupunki ja Lieto<\/td>\n<\/tr>\n<tr class=\"row-4\">\n\t<td class=\"column-1\">2018 &#8211; 2019<\/td><td class=\"column-2\">Yritt\u00e4j\u00e4, toimitusjohtaja, Selon Oy<\/td>\n<\/tr>\n<tr class=\"row-5\">\n\t<td class=\"column-1\">2014 &#8211; 2017<\/td><td class=\"column-2\">Microsoft Mobile Oy, Salo, tuotannon testauksen asiantuntija<\/td>\n<\/tr>\n<tr class=\"row-6\">\n\t<td class=\"column-1\">1997 &#8211; 2014 <\/td><td class=\"column-2\">Nokia Oyj, Salo, tuotannon testauksen eri teht\u00e4viss\u00e4<\/td>\n<\/tr>\n<tr class=\"row-7\">\n\t<td class=\"column-1\">1994 &#8211; 1996<\/td><td class=\"column-2\">Valmet Paperikoneet Oy, Kalanterit, J\u00e4rvenp\u00e4\u00e4, automaatiosuunnittelija, p\u00e4\u00e4suunnittelija<\/td>\n<\/tr>\n<tr class=\"row-8\">\n\t<td class=\"column-1\">1993 &#8211; 1994<\/td><td class=\"column-2\">koti-is\u00e4 (6kk)<\/td>\n<\/tr>\n<tr class=\"row-9\">\n\t<td class=\"column-1\">1990, -91, -92, -93<\/td><td class=\"column-2\">kes\u00e4t\u00f6iss\u00e4, Valmet Paperikoneet Oy, J\u00e4rvenp\u00e4\u00e4, Automaatiovalmistusverstas<\/td>\n<\/tr>\n<tr class=\"row-10\">\n\t<td class=\"column-1\">1985 &#8211; 1989<\/td><td class=\"column-2\">Kurpan Konepaja Oy, Loimaan kunta, s\u00e4hk\u00f6asentaja ja koneenasentaja<\/td>\n<\/tr>\n<\/tbody>\n<\/table>\n<!-- #tablepress-2 from cache --><span style=\"font-weight: bold;\"><br><\/span><\/p>\n<h4><span style=\"font-size: 1.125rem; font-family: var( --e-global-typography-text-font-family ), Sans-serif; font-style: var( --e-global-typography-text-font-style );\">Harrastukset<\/span><\/h4>\n<p><a href=\"https:\/\/www.mikakortelainen.com\/m\/jotain-muuta\/\">Jotain muuta sivulla<\/a><\/p>\n<p><\/p>\n<p><\/p>\t\t\t\t\t\t\t\t<\/div>\n\t\t\t\t<\/div>\n\t\t\t\t\t<\/div>\n\t\t<\/div>\n\t\t\t\t\t<\/div>\n\t\t<\/section>\n\t\t\t\t<\/div>\n\t\t","protected":false},"excerpt":{"rendered":"<p>Koulutus Luottamusteht\u00e4v\u00e4t Ty\u00f6historia Harrastukset Jotain muuta sivulla<\/p>\n","protected":false},"author":1,"featured_media":0,"parent":0,"menu_order":0,"comment_status":"closed","ping_status":"closed","template":"","meta":{"footnotes":""},"class_list":["post-151","page","type-page","status-publish","hentry"],"jetpack_sharing_enabled":true,"_links":{"self":[{"href":"https:\/\/www.mikakortelainen.com\/m\/wp-json\/wp\/v2\/pages\/151","targetHints":{"allow":["GET"]}}],"collection":[{"href":"https:\/\/www.mikakortelainen.com\/m\/wp-json\/wp\/v2\/pages"}],"about":[{"href":"https:\/\/www.mikakortelainen.com\/m\/wp-json\/wp\/v2\/types\/page"}],"author":[{"embeddable":true,"href":"https:\/\/www.mikakortelainen.com\/m\/wp-json\/wp\/v2\/users\/1"}],"replies":[{"embeddable":true,"href":"https:\/\/www.mikakortelainen.com\/m\/wp-json\/wp\/v2\/comments?post=151"}],"version-history":[{"count":64,"href":"https:\/\/www.mikakortelainen.com\/m\/wp-json\/wp\/v2\/pages\/151\/revisions"}],"predecessor-version":[{"id":958,"href":"https:\/\/www.mikakortelainen.com\/m\/wp-json\/wp\/v2\/pages\/151\/revisions\/958"}],"wp:attachment":[{"href":"https:\/\/www.mikakortelainen.com\/m\/wp-json\/wp\/v2\/media?parent=151"}],"curies":[{"name":"wp","href":"https:\/\/api.w.org\/{rel}","templated":true}]}}